{"id":4396,"date":"2023-01-12T08:08:48","date_gmt":"2023-01-12T08:08:48","guid":{"rendered":"https:\/\/albionnordic.com\/produktinformation\/"},"modified":"2024-08-28T16:32:09","modified_gmt":"2024-08-28T16:32:09","slug":"produktinformation","status":"publish","type":"page","link":"https:\/\/albionnordic.com\/sv\/produktinformation\/","title":{"rendered":"Produktinformation"},"content":{"rendered":"\t\t<div data-elementor-type=\"wp-page\" data-elementor-id=\"4396\" class=\"elementor elementor-4396 elementor-38\" data-elementor-post-type=\"page\">\n\t\t\t\t<div class=\"elementor-element elementor-element-cc49d43 animated-fast hero_overlay e-flex e-con-boxed elementor-invisible e-con e-parent\" data-id=\"cc49d43\" data-element_type=\"container\" data-settings=\"{&quot;background_background&quot;:&quot;classic&quot;,&quot;animation&quot;:&quot;fadeIn&quot;}\">\n\t\t\t\t\t<div class=\"e-con-inner\">\n\t\t\t\t<div class=\"elementor-element elementor-element-c9e8a3d elementor-widget elementor-widget-heading\" data-id=\"c9e8a3d\" data-element_type=\"widget\" data-widget_type=\"heading.default\">\n\t\t\t\t<div class=\"elementor-widget-container\">\n\t\t\t<style>\/*! elementor - v3.23.0 - 05-08-2024 *\/\n.elementor-heading-title{padding:0;margin:0;line-height:1}.elementor-widget-heading .elementor-heading-title[class*=elementor-size-]>a{color:inherit;font-size:inherit;line-height:inherit}.elementor-widget-heading .elementor-heading-title.elementor-size-small{font-size:15px}.elementor-widget-heading .elementor-heading-title.elementor-size-medium{font-size:19px}.elementor-widget-heading .elementor-heading-title.elementor-size-large{font-size:29px}.elementor-widget-heading .elementor-heading-title.elementor-size-xl{font-size:39px}.elementor-widget-heading .elementor-heading-title.elementor-size-xxl{font-size:59px}<\/style><h1 class=\"elementor-heading-title elementor-size-default\">Produktinformation<\/h1>\t\t<\/div>\n\t\t\t\t<\/div>\n\t\t\t\t<div class=\"elementor-element elementor-element-c8c5ae3 elementor-widget elementor-widget-global elementor-global-403 elementor-widget-breadcrumbs\" data-id=\"c8c5ae3\" data-element_type=\"widget\" data-widget_type=\"breadcrumbs.default\">\n\t\t\t\t<div class=\"elementor-widget-container\">\n\t\t\t<link rel=\"stylesheet\" href=\"https:\/\/albionnordic.com\/wp-content\/plugins\/elementor-pro\/assets\/css\/widget-theme-elements.min.css?ver=1724857078\"><p id=\"breadcrumbs\"><span><span><a href=\"https:\/\/albionnordic.com\/\">Home<\/a><\/span><\/span><\/p>\t\t<\/div>\n\t\t\t\t<\/div>\n\t\t\t\t\t<\/div>\n\t\t\t\t<\/div>\n\t\t<div class=\"elementor-element elementor-element-eef8056 animated-fast e-flex e-con-boxed elementor-invisible e-con e-parent\" data-id=\"eef8056\" data-element_type=\"container\" data-settings=\"{&quot;background_background&quot;:&quot;classic&quot;,&quot;animation&quot;:&quot;fadeIn&quot;}\">\n\t\t\t\t\t<div class=\"e-con-inner\">\n\t\t\t\t<div class=\"elementor-element elementor-element-7f5c409 elementor-widget__width-initial elementor-widget-mobile__width-inherit elementor-widget elementor-widget-text-editor\" data-id=\"7f5c409\" data-element_type=\"widget\" data-widget_type=\"text-editor.default\">\n\t\t\t\t<div class=\"elementor-widget-container\">\n\t\t\t<style>\/*! elementor - v3.23.0 - 05-08-2024 *\/\n.elementor-widget-text-editor.elementor-drop-cap-view-stacked .elementor-drop-cap{background-color:#69727d;color:#fff}.elementor-widget-text-editor.elementor-drop-cap-view-framed .elementor-drop-cap{color:#69727d;border:3px solid;background-color:transparent}.elementor-widget-text-editor:not(.elementor-drop-cap-view-default) .elementor-drop-cap{margin-top:8px}.elementor-widget-text-editor:not(.elementor-drop-cap-view-default) .elementor-drop-cap-letter{width:1em;height:1em}.elementor-widget-text-editor .elementor-drop-cap{float:left;text-align:center;line-height:1;font-size:50px}.elementor-widget-text-editor .elementor-drop-cap-letter{display:inline-block}<\/style>\t\t\t\t<p>H\u00e4r hittar du all information och marknadsf\u00f6ringsmaterial som relaterar till v\u00e5ra produkter. Logotyper f\u00e5r inte \u00e4ndras i proportion, typsnitt eller f\u00e4rg.  Saknar du n\u00e5got? Kontakta oss s\u00e5 hj\u00e4lper vi dig g\u00e4rna. <\/p>\n\t\t\t\t\t\t<\/div>\n\t\t\t\t<\/div>\n\t\t<div class=\"elementor-element elementor-element-01e62c3 e-flex e-con-boxed e-con e-child\" data-id=\"01e62c3\" data-element_type=\"container\">\n\t\t\t\t\t<div class=\"e-con-inner\">\n\t\t\t\t<div class=\"elementor-element elementor-element-6d45f42 btn_w_icon inline_arrow elementor-widget__width-auto elementor-widget elementor-widget-button\" data-id=\"6d45f42\" data-element_type=\"widget\" data-widget_type=\"button.default\">\n\t\t\t\t<div class=\"elementor-widget-container\">\n\t\t\t\t\t<div class=\"elementor-button-wrapper\">\n\t\t\t<a class=\"elementor-button elementor-button-link elementor-size-sm\" href=\"https:\/\/albionnordic.com\/sv\/produktinformation\/coway\/\">\n\t\t\t\t\t\t<span class=\"elementor-button-content-wrapper\">\n\t\t\t\t\t\t<span class=\"elementor-button-icon\">\n\t\t\t\t<svg xmlns=\"http:\/\/www.w3.org\/2000\/svg\" width=\"24\" height=\"24\" viewBox=\"0 0 24 24\" fill=\"none\"><g clip-path=\"url(#clip0_8_75)\"><path d=\"M23.725 11.3364C23.7248 11.3361 23.7245 11.3358 23.7242 11.3355L18.8256 6.4605C18.4586 6.09529 17.865 6.09665 17.4997 6.46368C17.1345 6.83067 17.1359 7.42425 17.5028 7.7895L20.7918 11.0625H0.9375C0.419719 11.0625 0 11.4822 0 12C0 12.5178 0.419719 12.9375 0.9375 12.9375H20.7917L17.5029 16.2105C17.1359 16.5757 17.1345 17.1693 17.4998 17.5363C17.865 17.9034 18.4587 17.9047 18.8256 17.5395L23.7242 12.6645C23.7245 12.6642 23.7248 12.6639 23.7251 12.6636C24.0923 12.2971 24.0911 11.7016 23.725 11.3364Z\" fill=\"#2E70FE\"><\/path><\/g><defs><clipPath id=\"clip0_8_75\"><rect width=\"24\" height=\"24\" fill=\"white\"><\/rect><\/clipPath><\/defs><\/svg>\t\t\t<\/span>\n\t\t\t\t\t\t\t\t\t<span class=\"elementor-button-text\">Coway<\/span>\n\t\t\t\t\t<\/span>\n\t\t\t\t\t<\/a>\n\t\t<\/div>\n\t\t\t\t<\/div>\n\t\t\t\t<\/div>\n\t\t\t\t<div class=\"elementor-element elementor-element-78d0314 btn_w_icon inline_arrow elementor-widget__width-auto elementor-widget elementor-widget-button\" data-id=\"78d0314\" data-element_type=\"widget\" data-widget_type=\"button.default\">\n\t\t\t\t<div class=\"elementor-widget-container\">\n\t\t\t\t\t<div class=\"elementor-button-wrapper\">\n\t\t\t<a class=\"elementor-button elementor-button-link elementor-size-sm\" href=\"https:\/\/albionnordic.com\/sv\/produktinformation\/gtech\/\">\n\t\t\t\t\t\t<span class=\"elementor-button-content-wrapper\">\n\t\t\t\t\t\t<span class=\"elementor-button-icon\">\n\t\t\t\t<svg xmlns=\"http:\/\/www.w3.org\/2000\/svg\" width=\"24\" height=\"24\" viewBox=\"0 0 24 24\" fill=\"none\"><g clip-path=\"url(#clip0_8_75)\"><path d=\"M23.725 11.3364C23.7248 11.3361 23.7245 11.3358 23.7242 11.3355L18.8256 6.4605C18.4586 6.09529 17.865 6.09665 17.4997 6.46368C17.1345 6.83067 17.1359 7.42425 17.5028 7.7895L20.7918 11.0625H0.9375C0.419719 11.0625 0 11.4822 0 12C0 12.5178 0.419719 12.9375 0.9375 12.9375H20.7917L17.5029 16.2105C17.1359 16.5757 17.1345 17.1693 17.4998 17.5363C17.865 17.9034 18.4587 17.9047 18.8256 17.5395L23.7242 12.6645C23.7245 12.6642 23.7248 12.6639 23.7251 12.6636C24.0923 12.2971 24.0911 11.7016 23.725 11.3364Z\" fill=\"#2E70FE\"><\/path><\/g><defs><clipPath id=\"clip0_8_75\"><rect width=\"24\" height=\"24\" fill=\"white\"><\/rect><\/clipPath><\/defs><\/svg>\t\t\t<\/span>\n\t\t\t\t\t\t\t\t\t<span class=\"elementor-button-text\">Gtech<\/span>\n\t\t\t\t\t<\/span>\n\t\t\t\t\t<\/a>\n\t\t<\/div>\n\t\t\t\t<\/div>\n\t\t\t\t<\/div>\n\t\t\t\t<div class=\"elementor-element elementor-element-556ec4f btn_w_icon inline_arrow elementor-widget__width-auto elementor-widget elementor-widget-button\" data-id=\"556ec4f\" data-element_type=\"widget\" data-widget_type=\"button.default\">\n\t\t\t\t<div class=\"elementor-widget-container\">\n\t\t\t\t\t<div class=\"elementor-button-wrapper\">\n\t\t\t<a class=\"elementor-button elementor-button-link elementor-size-sm\" href=\"https:\/\/albionnordic.com\/sv\/produktinformation\/veito\/\">\n\t\t\t\t\t\t<span class=\"elementor-button-content-wrapper\">\n\t\t\t\t\t\t<span class=\"elementor-button-icon\">\n\t\t\t\t<svg xmlns=\"http:\/\/www.w3.org\/2000\/svg\" width=\"24\" height=\"24\" viewBox=\"0 0 24 24\" fill=\"none\"><g clip-path=\"url(#clip0_8_75)\"><path d=\"M23.725 11.3364C23.7248 11.3361 23.7245 11.3358 23.7242 11.3355L18.8256 6.4605C18.4586 6.09529 17.865 6.09665 17.4997 6.46368C17.1345 6.83067 17.1359 7.42425 17.5028 7.7895L20.7918 11.0625H0.9375C0.419719 11.0625 0 11.4822 0 12C0 12.5178 0.419719 12.9375 0.9375 12.9375H20.7917L17.5029 16.2105C17.1359 16.5757 17.1345 17.1693 17.4998 17.5363C17.865 17.9034 18.4587 17.9047 18.8256 17.5395L23.7242 12.6645C23.7245 12.6642 23.7248 12.6639 23.7251 12.6636C24.0923 12.2971 24.0911 11.7016 23.725 11.3364Z\" fill=\"#2E70FE\"><\/path><\/g><defs><clipPath id=\"clip0_8_75\"><rect width=\"24\" height=\"24\" fill=\"white\"><\/rect><\/clipPath><\/defs><\/svg>\t\t\t<\/span>\n\t\t\t\t\t\t\t\t\t<span class=\"elementor-button-text\">Veito<\/span>\n\t\t\t\t\t<\/span>\n\t\t\t\t\t<\/a>\n\t\t<\/div>\n\t\t\t\t<\/div>\n\t\t\t\t<\/div>\n\t\t\t\t<div class=\"elementor-element elementor-element-dbb747d btn_w_icon inline_arrow elementor-widget elementor-widget-button\" data-id=\"dbb747d\" data-element_type=\"widget\" data-widget_type=\"button.default\">\n\t\t\t\t<div class=\"elementor-widget-container\">\n\t\t\t\t\t<div class=\"elementor-button-wrapper\">\n\t\t\t<a class=\"elementor-button elementor-button-link elementor-size-sm\" href=\"https:\/\/albionnordic.com\/sv\/produktinformation\/olimpia-splendid\/\">\n\t\t\t\t\t\t<span class=\"elementor-button-content-wrapper\">\n\t\t\t\t\t\t<span class=\"elementor-button-icon\">\n\t\t\t\t<svg xmlns=\"http:\/\/www.w3.org\/2000\/svg\" width=\"24\" height=\"24\" viewBox=\"0 0 24 24\" fill=\"none\"><g clip-path=\"url(#clip0_8_75)\"><path d=\"M23.725 11.3364C23.7248 11.3361 23.7245 11.3358 23.7242 11.3355L18.8256 6.4605C18.4586 6.09529 17.865 6.09665 17.4997 6.46368C17.1345 6.83067 17.1359 7.42425 17.5028 7.7895L20.7918 11.0625H0.9375C0.419719 11.0625 0 11.4822 0 12C0 12.5178 0.419719 12.9375 0.9375 12.9375H20.7917L17.5029 16.2105C17.1359 16.5757 17.1345 17.1693 17.4998 17.5363C17.865 17.9034 18.4587 17.9047 18.8256 17.5395L23.7242 12.6645C23.7245 12.6642 23.7248 12.6639 23.7251 12.6636C24.0923 12.2971 24.0911 11.7016 23.725 11.3364Z\" fill=\"#2E70FE\"><\/path><\/g><defs><clipPath id=\"clip0_8_75\"><rect width=\"24\" height=\"24\" fill=\"white\"><\/rect><\/clipPath><\/defs><\/svg>\t\t\t<\/span>\n\t\t\t\t\t\t\t\t\t<span class=\"elementor-button-text\">Olimpia Splendid<\/span>\n\t\t\t\t\t<\/span>\n\t\t\t\t\t<\/a>\n\t\t<\/div>\n\t\t\t\t<\/div>\n\t\t\t\t<\/div>\n\t\t\t\t<div class=\"elementor-element elementor-element-9fca810 btn_w_icon inline_arrow elementor-widget elementor-widget-button\" data-id=\"9fca810\" data-element_type=\"widget\" data-widget_type=\"button.default\">\n\t\t\t\t<div class=\"elementor-widget-container\">\n\t\t\t\t\t<div class=\"elementor-button-wrapper\">\n\t\t\t<a class=\"elementor-button elementor-button-link elementor-size-sm\" href=\"https:\/\/albionnordic.com\/sv\/produktinformation\/trotec\/\">\n\t\t\t\t\t\t<span class=\"elementor-button-content-wrapper\">\n\t\t\t\t\t\t<span class=\"elementor-button-icon\">\n\t\t\t\t<svg xmlns=\"http:\/\/www.w3.org\/2000\/svg\" width=\"24\" height=\"24\" viewBox=\"0 0 24 24\" fill=\"none\"><g clip-path=\"url(#clip0_8_75)\"><path d=\"M23.725 11.3364C23.7248 11.3361 23.7245 11.3358 23.7242 11.3355L18.8256 6.4605C18.4586 6.09529 17.865 6.09665 17.4997 6.46368C17.1345 6.83067 17.1359 7.42425 17.5028 7.7895L20.7918 11.0625H0.9375C0.419719 11.0625 0 11.4822 0 12C0 12.5178 0.419719 12.9375 0.9375 12.9375H20.7917L17.5029 16.2105C17.1359 16.5757 17.1345 17.1693 17.4998 17.5363C17.865 17.9034 18.4587 17.9047 18.8256 17.5395L23.7242 12.6645C23.7245 12.6642 23.7248 12.6639 23.7251 12.6636C24.0923 12.2971 24.0911 11.7016 23.725 11.3364Z\" fill=\"#2E70FE\"><\/path><\/g><defs><clipPath id=\"clip0_8_75\"><rect width=\"24\" height=\"24\" fill=\"white\"><\/rect><\/clipPath><\/defs><\/svg>\t\t\t<\/span>\n\t\t\t\t\t\t\t\t\t<span class=\"elementor-button-text\">Trotec<\/span>\n\t\t\t\t\t<\/span>\n\t\t\t\t\t<\/a>\n\t\t<\/div>\n\t\t\t\t<\/div>\n\t\t\t\t<\/div>\n\t\t\t\t<div class=\"elementor-element elementor-element-707c623 btn_w_icon inline_arrow elementor-widget elementor-widget-button\" data-id=\"707c623\" data-element_type=\"widget\" data-widget_type=\"button.default\">\n\t\t\t\t<div class=\"elementor-widget-container\">\n\t\t\t\t\t<div class=\"elementor-button-wrapper\">\n\t\t\t<a class=\"elementor-button elementor-button-link elementor-size-sm\" href=\"https:\/\/albionnordic.com\/sv\/produktinformation\/lightair\/\">\n\t\t\t\t\t\t<span class=\"elementor-button-content-wrapper\">\n\t\t\t\t\t\t<span class=\"elementor-button-icon\">\n\t\t\t\t<svg xmlns=\"http:\/\/www.w3.org\/2000\/svg\" width=\"24\" height=\"24\" viewBox=\"0 0 24 24\" fill=\"none\"><g clip-path=\"url(#clip0_8_75)\"><path d=\"M23.725 11.3364C23.7248 11.3361 23.7245 11.3358 23.7242 11.3355L18.8256 6.4605C18.4586 6.09529 17.865 6.09665 17.4997 6.46368C17.1345 6.83067 17.1359 7.42425 17.5028 7.7895L20.7918 11.0625H0.9375C0.419719 11.0625 0 11.4822 0 12C0 12.5178 0.419719 12.9375 0.9375 12.9375H20.7917L17.5029 16.2105C17.1359 16.5757 17.1345 17.1693 17.4998 17.5363C17.865 17.9034 18.4587 17.9047 18.8256 17.5395L23.7242 12.6645C23.7245 12.6642 23.7248 12.6639 23.7251 12.6636C24.0923 12.2971 24.0911 11.7016 23.725 11.3364Z\" fill=\"#2E70FE\"><\/path><\/g><defs><clipPath id=\"clip0_8_75\"><rect width=\"24\" height=\"24\" fill=\"white\"><\/rect><\/clipPath><\/defs><\/svg>\t\t\t<\/span>\n\t\t\t\t\t\t\t\t\t<span class=\"elementor-button-text\">LightAir<\/span>\n\t\t\t\t\t<\/span>\n\t\t\t\t\t<\/a>\n\t\t<\/div>\n\t\t\t\t<\/div>\n\t\t\t\t<\/div>\n\t\t\t\t<div class=\"elementor-element elementor-element-e50487f btn_w_icon inline_arrow elementor-widget elementor-widget-button\" data-id=\"e50487f\" data-element_type=\"widget\" data-widget_type=\"button.default\">\n\t\t\t\t<div class=\"elementor-widget-container\">\n\t\t\t\t\t<div class=\"elementor-button-wrapper\">\n\t\t\t<a class=\"elementor-button elementor-button-link elementor-size-sm\" href=\"https:\/\/albionnordic.com\/sv\/produktinformation\/arida\/\">\n\t\t\t\t\t\t<span class=\"elementor-button-content-wrapper\">\n\t\t\t\t\t\t<span class=\"elementor-button-icon\">\n\t\t\t\t<svg xmlns=\"http:\/\/www.w3.org\/2000\/svg\" width=\"24\" height=\"24\" viewBox=\"0 0 24 24\" fill=\"none\"><g clip-path=\"url(#clip0_8_75)\"><path d=\"M23.725 11.3364C23.7248 11.3361 23.7245 11.3358 23.7242 11.3355L18.8256 6.4605C18.4586 6.09529 17.865 6.09665 17.4997 6.46368C17.1345 6.83067 17.1359 7.42425 17.5028 7.7895L20.7918 11.0625H0.9375C0.419719 11.0625 0 11.4822 0 12C0 12.5178 0.419719 12.9375 0.9375 12.9375H20.7917L17.5029 16.2105C17.1359 16.5757 17.1345 17.1693 17.4998 17.5363C17.865 17.9034 18.4587 17.9047 18.8256 17.5395L23.7242 12.6645C23.7245 12.6642 23.7248 12.6639 23.7251 12.6636C24.0923 12.2971 24.0911 11.7016 23.725 11.3364Z\" fill=\"#2E70FE\"><\/path><\/g><defs><clipPath id=\"clip0_8_75\"><rect width=\"24\" height=\"24\" fill=\"white\"><\/rect><\/clipPath><\/defs><\/svg>\t\t\t<\/span>\n\t\t\t\t\t\t\t\t\t<span class=\"elementor-button-text\">Arida<\/span>\n\t\t\t\t\t<\/span>\n\t\t\t\t\t<\/a>\n\t\t<\/div>\n\t\t\t\t<\/div>\n\t\t\t\t<\/div>\n\t\t\t\t\t<\/div>\n\t\t\t\t<\/div>\n\t\t\t\t\t<\/div>\n\t\t\t\t<\/div>\n\t\t\t\t<\/div>\n\t\t","protected":false},"excerpt":{"rendered":"<p>Produktinformation H\u00e4r hittar du all information och marknadsf\u00f6ringsmaterial som relaterar till v\u00e5ra produkter. Logotyper f\u00e5r inte \u00e4ndras i proportion, typsnitt eller f\u00e4rg. Saknar du n\u00e5got? Kontakta oss s\u00e5 hj\u00e4lper vi dig g\u00e4rna. Coway Gtech Veito Olimpia Splendid Trotec LightAir Arida<\/p>\n","protected":false},"author":1,"featured_media":0,"parent":0,"menu_order":0,"comment_status":"closed","ping_status":"closed","template":"","meta":{"_acf_changed":false,"footnotes":""},"class_list":["post-4396","page","type-page","status-publish","hentry"],"acf":[],"yoast_head":"<!-- This site is optimized with the Yoast SEO plugin v23.3 - https:\/\/yoast.com\/wordpress\/plugins\/seo\/ -->\n<title>Produktinformation - Albion Nordic<\/title>\n<meta name=\"description\" content=\"H\u00e4r hittar du all information och marknadsf\u00f6ringsmaterial som relaterar till v\u00e5ra produkter. Logotyper f\u00e5r inte \u00e4ndras i proportion, typsnitt eller f\u00e4rg.\" \/>\n<meta name=\"robots\" content=\"index, follow, max-snippet:-1, max-image-preview:large, max-video-preview:-1\" \/>\n<link rel=\"canonical\" href=\"https:\/\/albionnordic.com\/sv\/produktinformation\/\" \/>\n<meta property=\"og:locale\" content=\"sv_SE\" \/>\n<meta property=\"og:type\" content=\"article\" \/>\n<meta property=\"og:title\" content=\"Produktinformation - Albion Nordic\" \/>\n<meta property=\"og:description\" content=\"H\u00e4r hittar du all information och marknadsf\u00f6ringsmaterial som relaterar till v\u00e5ra produkter. Logotyper f\u00e5r inte \u00e4ndras i proportion, typsnitt eller f\u00e4rg.\" \/>\n<meta property=\"og:url\" content=\"https:\/\/albionnordic.com\/sv\/produktinformation\/\" \/>\n<meta property=\"og:site_name\" content=\"Albion Nordic\" \/>\n<meta property=\"article:modified_time\" content=\"2024-08-28T16:32:09+00:00\" \/>\n<meta name=\"twitter:card\" content=\"summary_large_image\" \/>\n<meta name=\"twitter:label1\" content=\"Ber\u00e4knad l\u00e4stid\" \/>\n\t<meta name=\"twitter:data1\" content=\"1 minut\" \/>\n<script type=\"application\/ld+json\" class=\"yoast-schema-graph\">{\"@context\":\"https:\/\/schema.org\",\"@graph\":[{\"@type\":\"WebPage\",\"@id\":\"https:\/\/albionnordic.com\/sv\/produktinformation\/\",\"url\":\"https:\/\/albionnordic.com\/sv\/produktinformation\/\",\"name\":\"Produktinformation - Albion Nordic\",\"isPartOf\":{\"@id\":\"https:\/\/albionnordic.com\/#website\"},\"datePublished\":\"2023-01-12T08:08:48+00:00\",\"dateModified\":\"2024-08-28T16:32:09+00:00\",\"description\":\"H\u00e4r hittar du all information och marknadsf\u00f6ringsmaterial som relaterar till v\u00e5ra produkter. Logotyper f\u00e5r inte \u00e4ndras i proportion, typsnitt eller f\u00e4rg.\",\"breadcrumb\":{\"@id\":\"https:\/\/albionnordic.com\/sv\/produktinformation\/#breadcrumb\"},\"inLanguage\":\"sv-SE\",\"potentialAction\":[{\"@type\":\"ReadAction\",\"target\":[\"https:\/\/albionnordic.com\/sv\/produktinformation\/\"]}]},{\"@type\":\"BreadcrumbList\",\"@id\":\"https:\/\/albionnordic.com\/sv\/produktinformation\/#breadcrumb\",\"itemListElement\":[{\"@type\":\"ListItem\",\"position\":1,\"name\":\"Home\",\"item\":\"https:\/\/albionnordic.com\/\"},{\"@type\":\"ListItem\",\"position\":2,\"name\":\"Produktinformation\"}]},{\"@type\":\"WebSite\",\"@id\":\"https:\/\/albionnordic.com\/#website\",\"url\":\"https:\/\/albionnordic.com\/\",\"name\":\"Albion Nordic\",\"description\":\"\",\"potentialAction\":[{\"@type\":\"SearchAction\",\"target\":{\"@type\":\"EntryPoint\",\"urlTemplate\":\"https:\/\/albionnordic.com\/?s={search_term_string}\"},\"query-input\":\"required name=search_term_string\"}],\"inLanguage\":\"sv-SE\"}]}<\/script>\n<!-- \/ Yoast SEO plugin. -->","yoast_head_json":{"title":"Produktinformation - Albion Nordic","description":"H\u00e4r hittar du all information och marknadsf\u00f6ringsmaterial som relaterar till v\u00e5ra produkter. Logotyper f\u00e5r inte \u00e4ndras i proportion, typsnitt eller f\u00e4rg.","robots":{"index":"index","follow":"follow","max-snippet":"max-snippet:-1","max-image-preview":"max-image-preview:large","max-video-preview":"max-video-preview:-1"},"canonical":"https:\/\/albionnordic.com\/sv\/produktinformation\/","og_locale":"sv_SE","og_type":"article","og_title":"Produktinformation - Albion Nordic","og_description":"H\u00e4r hittar du all information och marknadsf\u00f6ringsmaterial som relaterar till v\u00e5ra produkter. Logotyper f\u00e5r inte \u00e4ndras i proportion, typsnitt eller f\u00e4rg.","og_url":"https:\/\/albionnordic.com\/sv\/produktinformation\/","og_site_name":"Albion Nordic","article_modified_time":"2024-08-28T16:32:09+00:00","twitter_card":"summary_large_image","twitter_misc":{"Ber\u00e4knad l\u00e4stid":"1 minut"},"schema":{"@context":"https:\/\/schema.org","@graph":[{"@type":"WebPage","@id":"https:\/\/albionnordic.com\/sv\/produktinformation\/","url":"https:\/\/albionnordic.com\/sv\/produktinformation\/","name":"Produktinformation - Albion Nordic","isPartOf":{"@id":"https:\/\/albionnordic.com\/#website"},"datePublished":"2023-01-12T08:08:48+00:00","dateModified":"2024-08-28T16:32:09+00:00","description":"H\u00e4r hittar du all information och marknadsf\u00f6ringsmaterial som relaterar till v\u00e5ra produkter. Logotyper f\u00e5r inte \u00e4ndras i proportion, typsnitt eller f\u00e4rg.","breadcrumb":{"@id":"https:\/\/albionnordic.com\/sv\/produktinformation\/#breadcrumb"},"inLanguage":"sv-SE","potentialAction":[{"@type":"ReadAction","target":["https:\/\/albionnordic.com\/sv\/produktinformation\/"]}]},{"@type":"BreadcrumbList","@id":"https:\/\/albionnordic.com\/sv\/produktinformation\/#breadcrumb","itemListElement":[{"@type":"ListItem","position":1,"name":"Home","item":"https:\/\/albionnordic.com\/"},{"@type":"ListItem","position":2,"name":"Produktinformation"}]},{"@type":"WebSite","@id":"https:\/\/albionnordic.com\/#website","url":"https:\/\/albionnordic.com\/","name":"Albion Nordic","description":"","potentialAction":[{"@type":"SearchAction","target":{"@type":"EntryPoint","urlTemplate":"https:\/\/albionnordic.com\/?s={search_term_string}"},"query-input":"required name=search_term_string"}],"inLanguage":"sv-SE"}]}},"_links":{"self":[{"href":"https:\/\/albionnordic.com\/sv\/wp-json\/wp\/v2\/pages\/4396","targetHints":{"allow":["GET"]}}],"collection":[{"href":"https:\/\/albionnordic.com\/sv\/wp-json\/wp\/v2\/pages"}],"about":[{"href":"https:\/\/albionnordic.com\/sv\/wp-json\/wp\/v2\/types\/page"}],"author":[{"embeddable":true,"href":"https:\/\/albionnordic.com\/sv\/wp-json\/wp\/v2\/users\/1"}],"replies":[{"embeddable":true,"href":"https:\/\/albionnordic.com\/sv\/wp-json\/wp\/v2\/comments?post=4396"}],"version-history":[{"count":30,"href":"https:\/\/albionnordic.com\/sv\/wp-json\/wp\/v2\/pages\/4396\/revisions"}],"predecessor-version":[{"id":6246,"href":"https:\/\/albionnordic.com\/sv\/wp-json\/wp\/v2\/pages\/4396\/revisions\/6246"}],"wp:attachment":[{"href":"https:\/\/albionnordic.com\/sv\/wp-json\/wp\/v2\/media?parent=4396"}],"curies":[{"name":"wp","href":"https:\/\/api.w.org\/{rel}","templated":true}]}}