{"id":5869,"date":"2023-10-05T22:45:49","date_gmt":"2023-10-05T22:45:49","guid":{"rendered":"https:\/\/albionnordic.com\/?page_id=5869"},"modified":"2023-10-05T22:53:34","modified_gmt":"2023-10-05T22:53:34","slug":"lightair","status":"publish","type":"page","link":"https:\/\/albionnordic.com\/sv\/vara-varumarken\/lightair\/","title":{"rendered":"LightAir"},"content":{"rendered":"\t\t<div data-elementor-type=\"wp-page\" data-elementor-id=\"5869\" class=\"elementor elementor-5869\" data-elementor-post-type=\"page\">\n\t\t\t\t<div class=\"elementor-element elementor-element-4347b37 animated-fast hero_overlay e-flex e-con-boxed elementor-invisible e-con e-parent\" data-id=\"4347b37\" data-element_type=\"container\" data-settings=\"{&quot;background_background&quot;:&quot;classic&quot;,&quot;animation&quot;:&quot;fadeIn&quot;}\">\n\t\t\t\t\t<div class=\"e-con-inner\">\n\t\t\t\t<div class=\"elementor-element elementor-element-3038601 elementor-widget elementor-widget-heading\" data-id=\"3038601\" data-element_type=\"widget\" data-widget_type=\"heading.default\">\n\t\t\t\t<div class=\"elementor-widget-container\">\n\t\t\t<style>\/*! elementor - v3.23.0 - 05-08-2024 *\/\n.elementor-heading-title{padding:0;margin:0;line-height:1}.elementor-widget-heading .elementor-heading-title[class*=elementor-size-]>a{color:inherit;font-size:inherit;line-height:inherit}.elementor-widget-heading .elementor-heading-title.elementor-size-small{font-size:15px}.elementor-widget-heading .elementor-heading-title.elementor-size-medium{font-size:19px}.elementor-widget-heading .elementor-heading-title.elementor-size-large{font-size:29px}.elementor-widget-heading .elementor-heading-title.elementor-size-xl{font-size:39px}.elementor-widget-heading .elementor-heading-title.elementor-size-xxl{font-size:59px}<\/style><h1 class=\"elementor-heading-title elementor-size-default\">LightAir<\/h1>\t\t<\/div>\n\t\t\t\t<\/div>\n\t\t\t\t<div class=\"elementor-element elementor-element-2a545eb elementor-widget elementor-widget-global elementor-global-403 elementor-widget-breadcrumbs\" data-id=\"2a545eb\" data-element_type=\"widget\" data-widget_type=\"breadcrumbs.default\">\n\t\t\t\t<div class=\"elementor-widget-container\">\n\t\t\t<link rel=\"stylesheet\" href=\"https:\/\/albionnordic.com\/wp-content\/plugins\/elementor-pro\/assets\/css\/widget-theme-elements.min.css?ver=1724857078\"><p id=\"breadcrumbs\"><span><span><a href=\"https:\/\/albionnordic.com\/\">Home<\/a><\/span><\/span><\/p>\t\t<\/div>\n\t\t\t\t<\/div>\n\t\t\t\t\t<\/div>\n\t\t\t\t<\/div>\n\t\t<div class=\"elementor-element elementor-element-316e1b8 animated-fast e-flex e-con-boxed elementor-invisible e-con e-parent\" data-id=\"316e1b8\" data-element_type=\"container\" data-settings=\"{&quot;background_background&quot;:&quot;classic&quot;,&quot;animation&quot;:&quot;fadeIn&quot;}\">\n\t\t\t\t\t<div class=\"e-con-inner\">\n\t\t\t\t<div class=\"elementor-element elementor-element-c81ed3b elementor-widget elementor-widget-image\" data-id=\"c81ed3b\" data-element_type=\"widget\" data-widget_type=\"image.default\">\n\t\t\t\t<div class=\"elementor-widget-container\">\n\t\t\t<style>\/*! elementor - v3.23.0 - 05-08-2024 *\/\n.elementor-widget-image{text-align:center}.elementor-widget-image a{display:inline-block}.elementor-widget-image a img[src$=\".svg\"]{width:48px}.elementor-widget-image img{vertical-align:middle;display:inline-block}<\/style>\t\t\t\t\t\t\t\t\t\t<img decoding=\"async\" width=\"307\" height=\"99\" src=\"https:\/\/albionnordic.com\/wp-content\/uploads\/2023\/09\/lightair_logo-1-1.png\" class=\"attachment-large size-large wp-image-5837\" alt=\"\" srcset=\"https:\/\/albionnordic.com\/wp-content\/uploads\/2023\/09\/lightair_logo-1-1.png 307w, https:\/\/albionnordic.com\/wp-content\/uploads\/2023\/09\/lightair_logo-1-1-300x97.png 300w\" sizes=\"(max-width: 307px) 100vw, 307px\" \/>\t\t\t\t\t\t\t\t\t\t\t\t\t<\/div>\n\t\t\t\t<\/div>\n\t\t<div class=\"elementor-element elementor-element-983ce2c e-flex e-con-boxed e-con e-parent\" data-id=\"983ce2c\" data-element_type=\"container\">\n\t\t\t\t\t<div class=\"e-con-inner\">\n\t\t<div class=\"elementor-element elementor-element-a66dc1e e-con-full e-flex e-con e-parent\" data-id=\"a66dc1e\" data-element_type=\"container\">\n\t\t\t\t<div class=\"elementor-element elementor-element-bd10010 elementor-widget__width-inherit elementor-widget-mobile__width-inherit elementor-widget elementor-widget-text-editor\" data-id=\"bd10010\" data-element_type=\"widget\" data-widget_type=\"text-editor.default\">\n\t\t\t\t<div class=\"elementor-widget-container\">\n\t\t\t<style>\/*! elementor - v3.23.0 - 05-08-2024 *\/\n.elementor-widget-text-editor.elementor-drop-cap-view-stacked .elementor-drop-cap{background-color:#69727d;color:#fff}.elementor-widget-text-editor.elementor-drop-cap-view-framed .elementor-drop-cap{color:#69727d;border:3px solid;background-color:transparent}.elementor-widget-text-editor:not(.elementor-drop-cap-view-default) .elementor-drop-cap{margin-top:8px}.elementor-widget-text-editor:not(.elementor-drop-cap-view-default) .elementor-drop-cap-letter{width:1em;height:1em}.elementor-widget-text-editor .elementor-drop-cap{float:left;text-align:center;line-height:1;font-size:50px}.elementor-widget-text-editor .elementor-drop-cap-letter{display:inline-block}<\/style>\t\t\t\t<p>Som ett innovativt svenskt f\u00f6retag utmanar LightAir etablerade f\u00f6retags konventionella teknologier och traditionella tankes\u00e4tt genom ny patenterad teknologi.<\/p><p>Idag har de stort fokus p\u00e5 B2B-f\u00f6rs\u00e4ljning och har djup kompetens inom luftrening fr\u00e4mst inom industri, kontor och skolor.<\/p>\t\t\t\t\t\t<\/div>\n\t\t\t\t<\/div>\n\t\t\t\t<div class=\"elementor-element elementor-element-054db63 btn_w_icon elementor-widget elementor-widget-button\" data-id=\"054db63\" data-element_type=\"widget\" data-widget_type=\"button.default\">\n\t\t\t\t<div class=\"elementor-widget-container\">\n\t\t\t\t\t<div class=\"elementor-button-wrapper\">\n\t\t\t<a class=\"elementor-button elementor-button-link elementor-size-sm\" href=\"https:\/\/lightair.com\/\" target=\"_blank\">\n\t\t\t\t\t\t<span class=\"elementor-button-content-wrapper\">\n\t\t\t\t\t\t\t\t\t<span class=\"elementor-button-text\">Visit lightair.com<\/span>\n\t\t\t\t\t<\/span>\n\t\t\t\t\t<\/a>\n\t\t<\/div>\n\t\t\t\t<\/div>\n\t\t\t\t<\/div>\n\t\t\t\t<\/div>\n\t\t\t\t<div class=\"elementor-element elementor-element-ce9b5ee elementor-widget__width-initial elementor-widget-mobile__width-inherit elementor-arrows-position-inside elementor-widget elementor-widget-image-carousel\" data-id=\"ce9b5ee\" data-element_type=\"widget\" data-settings=\"{&quot;slides_to_show&quot;:&quot;1&quot;,&quot;navigation&quot;:&quot;arrows&quot;,&quot;slides_to_show_mobile&quot;:&quot;1&quot;,&quot;autoplay&quot;:&quot;yes&quot;,&quot;pause_on_hover&quot;:&quot;yes&quot;,&quot;pause_on_interaction&quot;:&quot;yes&quot;,&quot;autoplay_speed&quot;:5000,&quot;infinite&quot;:&quot;yes&quot;,&quot;effect&quot;:&quot;slide&quot;,&quot;speed&quot;:500}\" data-widget_type=\"image-carousel.default\">\n\t\t\t\t<div class=\"elementor-widget-container\">\n\t\t\t<style>\/*! elementor - v3.23.0 - 05-08-2024 *\/\n.elementor-widget-image-carousel .swiper,.elementor-widget-image-carousel .swiper-container{position:static}.elementor-widget-image-carousel .swiper-container .swiper-slide figure,.elementor-widget-image-carousel .swiper .swiper-slide figure{line-height:inherit}.elementor-widget-image-carousel .swiper-slide{text-align:center}.elementor-image-carousel-wrapper:not(.swiper-container-initialized):not(.swiper-initialized) .swiper-slide{max-width:calc(100% \/ var(--e-image-carousel-slides-to-show, 3))}<\/style>\t\t<div class=\"elementor-image-carousel-wrapper swiper\" dir=\"ltr\">\n\t\t\t<div class=\"elementor-image-carousel swiper-wrapper\" aria-live=\"off\">\n\t\t\t\t\t\t\t\t<div class=\"swiper-slide\" role=\"group\" aria-roledescription=\"slide\" aria-label=\"1 av 1\"><figure class=\"swiper-slide-inner\"><img decoding=\"async\" class=\"swiper-slide-image\" src=\"https:\/\/albionnordic.com\/wp-content\/uploads\/2023\/07\/CallFlow_Mini100_group-1.jpg\" alt=\"CallFlow_Mini100_group (1)\" \/><\/figure><\/div>\t\t\t<\/div>\n\t\t\t\t\t<\/div>\n\t\t\t\t<\/div>\n\t\t\t\t<\/div>\n\t\t\t\t\t<\/div>\n\t\t\t\t<\/div>\n\t\t\t\t\t<\/div>\n\t\t\t\t<\/div>\n\t\t<div class=\"elementor-element elementor-element-527704b e-flex e-con-boxed e-con e-parent\" data-id=\"527704b\" data-element_type=\"container\">\n\t\t\t\t\t<div class=\"e-con-inner\">\n\t\t\t\t<div class=\"elementor-element elementor-element-e1b0303 elementor-widget elementor-widget-video\" data-id=\"e1b0303\" data-element_type=\"widget\" data-settings=\"{&quot;autoplay&quot;:&quot;yes&quot;,&quot;mute&quot;:&quot;yes&quot;,&quot;video_type&quot;:&quot;hosted&quot;,&quot;controls&quot;:&quot;yes&quot;}\" data-widget_type=\"video.default\">\n\t\t\t\t<div class=\"elementor-widget-container\">\n\t\t\t<style>\/*! elementor - v3.23.0 - 05-08-2024 *\/\n.elementor-widget-video .elementor-widget-container{overflow:hidden;transform:translateZ(0)}.elementor-widget-video .elementor-wrapper{aspect-ratio:var(--video-aspect-ratio)}.elementor-widget-video .elementor-wrapper iframe,.elementor-widget-video .elementor-wrapper video{height:100%;width:100%;display:flex;border:none;background-color:#000}@supports not (aspect-ratio:1\/1){.elementor-widget-video .elementor-wrapper{position:relative;overflow:hidden;height:0;padding-bottom:calc(100% \/ var(--video-aspect-ratio))}.elementor-widget-video .elementor-wrapper iframe,.elementor-widget-video .elementor-wrapper video{position:absolute;top:0;right:0;bottom:0;left:0}}.elementor-widget-video .elementor-open-inline .elementor-custom-embed-image-overlay{position:absolute;top:0;right:0;bottom:0;left:0;background-size:cover;background-position:50%}.elementor-widget-video .elementor-custom-embed-image-overlay{cursor:pointer;text-align:center}.elementor-widget-video .elementor-custom-embed-image-overlay:hover .elementor-custom-embed-play i{opacity:1}.elementor-widget-video .elementor-custom-embed-image-overlay img{display:block;width:100%;aspect-ratio:var(--video-aspect-ratio);-o-object-fit:cover;object-fit:cover;-o-object-position:center center;object-position:center center}@supports not (aspect-ratio:1\/1){.elementor-widget-video .elementor-custom-embed-image-overlay{position:relative;overflow:hidden;height:0;padding-bottom:calc(100% \/ var(--video-aspect-ratio))}.elementor-widget-video .elementor-custom-embed-image-overlay img{position:absolute;top:0;right:0;bottom:0;left:0}}.elementor-widget-video .e-hosted-video .elementor-video{-o-object-fit:cover;object-fit:cover}.e-con-inner>.elementor-widget-video,.e-con>.elementor-widget-video{width:var(--container-widget-width);--flex-grow:var(--container-widget-flex-grow)}<\/style>\t\t<div class=\"e-hosted-video elementor-wrapper elementor-open-inline\">\n\t\t\t\t\t<video class=\"elementor-video\" src=\"https:\/\/albionnordic.com\/wp-content\/uploads\/2023\/10\/Lightair-CellFlow_Technology_-Global-Music-License.mp4\" autoplay=\"\" controls=\"\" muted=\"muted\" controlsList=\"nodownload\"><\/video>\n\t\t\t\t<\/div>\n\t\t\t\t<\/div>\n\t\t\t\t<\/div>\n\t\t\t\t\t<\/div>\n\t\t\t\t<\/div>\n\t\t<div class=\"elementor-element elementor-element-e08b433 animated-fast e-con-full e-flex elementor-invisible e-con e-parent\" data-id=\"e08b433\" data-element_type=\"container\" data-settings=\"{&quot;background_background&quot;:&quot;classic&quot;,&quot;animation&quot;:&quot;fadeIn&quot;}\">\n\t\t\t\t<div class=\"elementor-element elementor-element-9bd0542 elementor-widget elementor-widget-heading\" data-id=\"9bd0542\" data-element_type=\"widget\" data-widget_type=\"heading.default\">\n\t\t\t\t<div class=\"elementor-widget-container\">\n\t\t\t<h3 class=\"elementor-heading-title elementor-size-default\">INTRESSERAD AV ATT S\u00c4LJA LightAir-PRODUKTER?\n<\/h3>\t\t<\/div>\n\t\t\t\t<\/div>\n\t\t\t\t<div class=\"elementor-element elementor-element-91d7c1d elementor-widget elementor-widget-text-editor\" data-id=\"91d7c1d\" data-element_type=\"widget\" data-widget_type=\"text-editor.default\">\n\t\t\t\t<div class=\"elementor-widget-container\">\n\t\t\t\t\t\t\t<p>Om du \u00e4r intresserad av att bli \u00e5terf\u00f6rs\u00e4ljare f\u00f6r LightAir, tveka inte att kontakta oss.<\/p><p><strong>Vi \u00e4r tillg\u00e4ngliga fr\u00e5n 8-17 CET, m\u00e5n-fre<\/strong><\/p>\t\t\t\t\t\t<\/div>\n\t\t\t\t<\/div>\n\t\t\t\t<div class=\"elementor-element elementor-element-3b69326 btn_w_icon elementor-widget elementor-widget-button\" data-id=\"3b69326\" data-element_type=\"widget\" data-widget_type=\"button.default\">\n\t\t\t\t<div class=\"elementor-widget-container\">\n\t\t\t\t\t<div class=\"elementor-button-wrapper\">\n\t\t\t<a class=\"elementor-button elementor-button-link elementor-size-sm\" href=\"https:\/\/albionnordic.com\/sv\/kontakta-oss\/\">\n\t\t\t\t\t\t<span class=\"elementor-button-content-wrapper\">\n\t\t\t\t\t\t\t\t\t<span class=\"elementor-button-text\">Kontakta oss<\/span>\n\t\t\t\t\t<\/span>\n\t\t\t\t\t<\/a>\n\t\t<\/div>\n\t\t\t\t<\/div>\n\t\t\t\t<\/div>\n\t\t\t\t<\/div>\n\t\t\t\t<\/div>\n\t\t","protected":false},"excerpt":{"rendered":"<p>LightAir Som ett innovativt svenskt f\u00f6retag utmanar LightAir etablerade f\u00f6retags konventionella teknologier och traditionella tankes\u00e4tt genom ny patenterad teknologi. Idag har de stort fokus p\u00e5 B2B-f\u00f6rs\u00e4ljning och har djup kompetens inom luftrening fr\u00e4mst inom industri, kontor och skolor. Visit lightair.com https:\/\/albionnordic.com\/wp-content\/uploads\/2023\/10\/Lightair-CellFlow_Technology_-Global-Music-License.mp4 INTRESSERAD AV ATT S\u00c4LJA LightAir-PRODUKTER? Om du \u00e4r intresserad av att bli \u00e5terf\u00f6rs\u00e4ljare f\u00f6r [&hellip;]<\/p>\n","protected":false},"author":1,"featured_media":0,"parent":4439,"menu_order":0,"comment_status":"closed","ping_status":"closed","template":"","meta":{"_acf_changed":false,"footnotes":""},"class_list":["post-5869","page","type-page","status-publish","hentry"],"acf":[],"yoast_head":"<!-- This site is optimized with the Yoast SEO plugin v23.3 - https:\/\/yoast.com\/wordpress\/plugins\/seo\/ -->\n<title>LightAir - Albion Nordic<\/title>\n<meta name=\"robots\" content=\"index, follow, max-snippet:-1, max-image-preview:large, max-video-preview:-1\" \/>\n<link rel=\"canonical\" href=\"https:\/\/albionnordic.com\/our-brands\/lightair\/\" \/>\n<meta property=\"og:locale\" content=\"sv_SE\" \/>\n<meta property=\"og:type\" content=\"article\" \/>\n<meta property=\"og:title\" content=\"LightAir - Albion Nordic\" \/>\n<meta property=\"og:description\" content=\"LightAir Som ett innovativt svenskt f\u00f6retag utmanar LightAir etablerade f\u00f6retags konventionella teknologier och traditionella tankes\u00e4tt genom ny patenterad teknologi. Idag har de stort fokus p\u00e5 B2B-f\u00f6rs\u00e4ljning och har djup kompetens inom luftrening fr\u00e4mst inom industri, kontor och skolor. Visit lightair.com https:\/\/albionnordic.com\/wp-content\/uploads\/2023\/10\/Lightair-CellFlow_Technology_-Global-Music-License.mp4 INTRESSERAD AV ATT S\u00c4LJA LightAir-PRODUKTER? Om du \u00e4r intresserad av att bli \u00e5terf\u00f6rs\u00e4ljare f\u00f6r [&hellip;]\" \/>\n<meta property=\"og:url\" content=\"https:\/\/albionnordic.com\/our-brands\/lightair\/\" \/>\n<meta property=\"og:site_name\" content=\"Albion Nordic\" \/>\n<meta property=\"article:modified_time\" content=\"2023-10-05T22:53:34+00:00\" \/>\n<meta property=\"og:image\" content=\"https:\/\/albionnordic.com\/wp-content\/uploads\/2023\/09\/lightair_logo-1-1.png\" \/>\n<meta name=\"twitter:card\" content=\"summary_large_image\" \/>\n<meta name=\"twitter:label1\" content=\"Ber\u00e4knad l\u00e4stid\" \/>\n\t<meta name=\"twitter:data1\" content=\"1 minut\" \/>\n<script type=\"application\/ld+json\" class=\"yoast-schema-graph\">{\"@context\":\"https:\/\/schema.org\",\"@graph\":[{\"@type\":\"WebPage\",\"@id\":\"https:\/\/albionnordic.com\/our-brands\/lightair\/\",\"url\":\"https:\/\/albionnordic.com\/our-brands\/lightair\/\",\"name\":\"LightAir - Albion Nordic\",\"isPartOf\":{\"@id\":\"https:\/\/albionnordic.com\/#website\"},\"primaryImageOfPage\":{\"@id\":\"https:\/\/albionnordic.com\/our-brands\/lightair\/#primaryimage\"},\"image\":{\"@id\":\"https:\/\/albionnordic.com\/our-brands\/lightair\/#primaryimage\"},\"thumbnailUrl\":\"https:\/\/albionnordic.com\/wp-content\/uploads\/2023\/09\/lightair_logo-1-1.png\",\"datePublished\":\"2023-10-05T22:45:49+00:00\",\"dateModified\":\"2023-10-05T22:53:34+00:00\",\"breadcrumb\":{\"@id\":\"https:\/\/albionnordic.com\/our-brands\/lightair\/#breadcrumb\"},\"inLanguage\":\"sv-SE\",\"potentialAction\":[{\"@type\":\"ReadAction\",\"target\":[\"https:\/\/albionnordic.com\/our-brands\/lightair\/\"]}]},{\"@type\":\"ImageObject\",\"inLanguage\":\"sv-SE\",\"@id\":\"https:\/\/albionnordic.com\/our-brands\/lightair\/#primaryimage\",\"url\":\"https:\/\/albionnordic.com\/wp-content\/uploads\/2023\/09\/lightair_logo-1-1.png\",\"contentUrl\":\"https:\/\/albionnordic.com\/wp-content\/uploads\/2023\/09\/lightair_logo-1-1.png\"},{\"@type\":\"BreadcrumbList\",\"@id\":\"https:\/\/albionnordic.com\/our-brands\/lightair\/#breadcrumb\",\"itemListElement\":[{\"@type\":\"ListItem\",\"position\":1,\"name\":\"Home\",\"item\":\"https:\/\/albionnordic.com\/\"},{\"@type\":\"ListItem\",\"position\":2,\"name\":\"V\u00e5ra Varum\u00e4rken\",\"item\":\"https:\/\/albionnordic.com\/our-brands\/\"},{\"@type\":\"ListItem\",\"position\":3,\"name\":\"LightAir\"}]},{\"@type\":\"WebSite\",\"@id\":\"https:\/\/albionnordic.com\/#website\",\"url\":\"https:\/\/albionnordic.com\/\",\"name\":\"Albion Nordic\",\"description\":\"\",\"potentialAction\":[{\"@type\":\"SearchAction\",\"target\":{\"@type\":\"EntryPoint\",\"urlTemplate\":\"https:\/\/albionnordic.com\/?s={search_term_string}\"},\"query-input\":\"required name=search_term_string\"}],\"inLanguage\":\"sv-SE\"}]}<\/script>\n<!-- \/ Yoast SEO plugin. -->","yoast_head_json":{"title":"LightAir - Albion Nordic","robots":{"index":"index","follow":"follow","max-snippet":"max-snippet:-1","max-image-preview":"max-image-preview:large","max-video-preview":"max-video-preview:-1"},"canonical":"https:\/\/albionnordic.com\/our-brands\/lightair\/","og_locale":"sv_SE","og_type":"article","og_title":"LightAir - Albion Nordic","og_description":"LightAir Som ett innovativt svenskt f\u00f6retag utmanar LightAir etablerade f\u00f6retags konventionella teknologier och traditionella tankes\u00e4tt genom ny patenterad teknologi. Idag har de stort fokus p\u00e5 B2B-f\u00f6rs\u00e4ljning och har djup kompetens inom luftrening fr\u00e4mst inom industri, kontor och skolor. Visit lightair.com https:\/\/albionnordic.com\/wp-content\/uploads\/2023\/10\/Lightair-CellFlow_Technology_-Global-Music-License.mp4 INTRESSERAD AV ATT S\u00c4LJA LightAir-PRODUKTER? Om du \u00e4r intresserad av att bli \u00e5terf\u00f6rs\u00e4ljare f\u00f6r [&hellip;]","og_url":"https:\/\/albionnordic.com\/our-brands\/lightair\/","og_site_name":"Albion Nordic","article_modified_time":"2023-10-05T22:53:34+00:00","og_image":[{"url":"https:\/\/albionnordic.com\/wp-content\/uploads\/2023\/09\/lightair_logo-1-1.png"}],"twitter_card":"summary_large_image","twitter_misc":{"Ber\u00e4knad l\u00e4stid":"1 minut"},"schema":{"@context":"https:\/\/schema.org","@graph":[{"@type":"WebPage","@id":"https:\/\/albionnordic.com\/our-brands\/lightair\/","url":"https:\/\/albionnordic.com\/our-brands\/lightair\/","name":"LightAir - Albion Nordic","isPartOf":{"@id":"https:\/\/albionnordic.com\/#website"},"primaryImageOfPage":{"@id":"https:\/\/albionnordic.com\/our-brands\/lightair\/#primaryimage"},"image":{"@id":"https:\/\/albionnordic.com\/our-brands\/lightair\/#primaryimage"},"thumbnailUrl":"https:\/\/albionnordic.com\/wp-content\/uploads\/2023\/09\/lightair_logo-1-1.png","datePublished":"2023-10-05T22:45:49+00:00","dateModified":"2023-10-05T22:53:34+00:00","breadcrumb":{"@id":"https:\/\/albionnordic.com\/our-brands\/lightair\/#breadcrumb"},"inLanguage":"sv-SE","potentialAction":[{"@type":"ReadAction","target":["https:\/\/albionnordic.com\/our-brands\/lightair\/"]}]},{"@type":"ImageObject","inLanguage":"sv-SE","@id":"https:\/\/albionnordic.com\/our-brands\/lightair\/#primaryimage","url":"https:\/\/albionnordic.com\/wp-content\/uploads\/2023\/09\/lightair_logo-1-1.png","contentUrl":"https:\/\/albionnordic.com\/wp-content\/uploads\/2023\/09\/lightair_logo-1-1.png"},{"@type":"BreadcrumbList","@id":"https:\/\/albionnordic.com\/our-brands\/lightair\/#breadcrumb","itemListElement":[{"@type":"ListItem","position":1,"name":"Home","item":"https:\/\/albionnordic.com\/"},{"@type":"ListItem","position":2,"name":"V\u00e5ra Varum\u00e4rken","item":"https:\/\/albionnordic.com\/our-brands\/"},{"@type":"ListItem","position":3,"name":"LightAir"}]},{"@type":"WebSite","@id":"https:\/\/albionnordic.com\/#website","url":"https:\/\/albionnordic.com\/","name":"Albion Nordic","description":"","potentialAction":[{"@type":"SearchAction","target":{"@type":"EntryPoint","urlTemplate":"https:\/\/albionnordic.com\/?s={search_term_string}"},"query-input":"required name=search_term_string"}],"inLanguage":"sv-SE"}]}},"_links":{"self":[{"href":"https:\/\/albionnordic.com\/sv\/wp-json\/wp\/v2\/pages\/5869","targetHints":{"allow":["GET"]}}],"collection":[{"href":"https:\/\/albionnordic.com\/sv\/wp-json\/wp\/v2\/pages"}],"about":[{"href":"https:\/\/albionnordic.com\/sv\/wp-json\/wp\/v2\/types\/page"}],"author":[{"embeddable":true,"href":"https:\/\/albionnordic.com\/sv\/wp-json\/wp\/v2\/users\/1"}],"replies":[{"embeddable":true,"href":"https:\/\/albionnordic.com\/sv\/wp-json\/wp\/v2\/comments?post=5869"}],"version-history":[{"count":7,"href":"https:\/\/albionnordic.com\/sv\/wp-json\/wp\/v2\/pages\/5869\/revisions"}],"predecessor-version":[{"id":5895,"href":"https:\/\/albionnordic.com\/sv\/wp-json\/wp\/v2\/pages\/5869\/revisions\/5895"}],"up":[{"embeddable":true,"href":"https:\/\/albionnordic.com\/sv\/wp-json\/wp\/v2\/pages\/4439"}],"wp:attachment":[{"href":"https:\/\/albionnordic.com\/sv\/wp-json\/wp\/v2\/media?parent=5869"}],"curies":[{"name":"wp","href":"https:\/\/api.w.org\/{rel}","templated":true}]}}