{"id":6255,"date":"2024-08-28T16:43:06","date_gmt":"2024-08-28T16:43:06","guid":{"rendered":"https:\/\/albionnordic.com\/vara-varumarken\/gtech\/"},"modified":"2024-08-28T16:45:33","modified_gmt":"2024-08-28T16:45:33","slug":"gtech","status":"publish","type":"page","link":"https:\/\/albionnordic.com\/sv\/vara-varumarken\/gtech\/","title":{"rendered":"Gtech"},"content":{"rendered":"\t\t<div data-elementor-type=\"wp-page\" data-elementor-id=\"6255\" class=\"elementor elementor-6255 elementor-6247\" data-elementor-post-type=\"page\">\n\t\t\t\t<div class=\"elementor-element elementor-element-d776c03 animated-fast hero_overlay e-flex e-con-boxed elementor-invisible e-con e-parent\" data-id=\"d776c03\" data-element_type=\"container\" data-settings=\"{&quot;background_background&quot;:&quot;classic&quot;,&quot;animation&quot;:&quot;fadeIn&quot;}\">\n\t\t\t\t\t<div class=\"e-con-inner\">\n\t\t\t\t<div class=\"elementor-element elementor-element-46626cb elementor-widget elementor-widget-heading\" data-id=\"46626cb\" data-element_type=\"widget\" data-widget_type=\"heading.default\">\n\t\t\t\t<div class=\"elementor-widget-container\">\n\t\t\t<style>\/*! elementor - v3.23.0 - 05-08-2024 *\/\n.elementor-heading-title{padding:0;margin:0;line-height:1}.elementor-widget-heading .elementor-heading-title[class*=elementor-size-]>a{color:inherit;font-size:inherit;line-height:inherit}.elementor-widget-heading .elementor-heading-title.elementor-size-small{font-size:15px}.elementor-widget-heading .elementor-heading-title.elementor-size-medium{font-size:19px}.elementor-widget-heading .elementor-heading-title.elementor-size-large{font-size:29px}.elementor-widget-heading .elementor-heading-title.elementor-size-xl{font-size:39px}.elementor-widget-heading .elementor-heading-title.elementor-size-xxl{font-size:59px}<\/style><h1 class=\"elementor-heading-title elementor-size-default\">Gtech<\/h1>\t\t<\/div>\n\t\t\t\t<\/div>\n\t\t\t\t<div class=\"elementor-element elementor-element-473e5da elementor-widget elementor-widget-global elementor-global-403 elementor-widget-breadcrumbs\" data-id=\"473e5da\" data-element_type=\"widget\" data-widget_type=\"breadcrumbs.default\">\n\t\t\t\t<div class=\"elementor-widget-container\">\n\t\t\t<link rel=\"stylesheet\" href=\"https:\/\/albionnordic.com\/wp-content\/plugins\/elementor-pro\/assets\/css\/widget-theme-elements.min.css?ver=1724857078\"><p id=\"breadcrumbs\"><span><span><a href=\"https:\/\/albionnordic.com\/\">Home<\/a><\/span><\/span><\/p>\t\t<\/div>\n\t\t\t\t<\/div>\n\t\t\t\t\t<\/div>\n\t\t\t\t<\/div>\n\t\t<div class=\"elementor-element elementor-element-6e56d57 animated-fast e-flex e-con-boxed elementor-invisible e-con e-parent\" data-id=\"6e56d57\" data-element_type=\"container\" data-settings=\"{&quot;background_background&quot;:&quot;classic&quot;,&quot;animation&quot;:&quot;fadeIn&quot;}\">\n\t\t\t\t\t<div class=\"e-con-inner\">\n\t\t\t\t<div class=\"elementor-element elementor-element-1a7da3c elementor-widget elementor-widget-image\" data-id=\"1a7da3c\" data-element_type=\"widget\" data-widget_type=\"image.default\">\n\t\t\t\t<div class=\"elementor-widget-container\">\n\t\t\t<style>\/*! elementor - v3.23.0 - 05-08-2024 *\/\n.elementor-widget-image{text-align:center}.elementor-widget-image a{display:inline-block}.elementor-widget-image a img[src$=\".svg\"]{width:48px}.elementor-widget-image img{vertical-align:middle;display:inline-block}<\/style>\t\t\t\t\t\t\t\t\t\t<img decoding=\"async\" width=\"85\" height=\"85\" src=\"https:\/\/albionnordic.com\/wp-content\/uploads\/2024\/08\/gtech-logo.svg\" class=\"attachment-large size-large wp-image-6048\" alt=\"\" \/>\t\t\t\t\t\t\t\t\t\t\t\t\t<\/div>\n\t\t\t\t<\/div>\n\t\t<div class=\"elementor-element elementor-element-5827785 e-flex e-con-boxed e-con e-child\" data-id=\"5827785\" data-element_type=\"container\">\n\t\t\t\t\t<div class=\"e-con-inner\">\n\t\t<div class=\"elementor-element elementor-element-d9b4573 e-con-full e-flex e-con e-child\" data-id=\"d9b4573\" data-element_type=\"container\">\n\t\t\t\t<div class=\"elementor-element elementor-element-8bdb581 elementor-widget__width-inherit elementor-widget-mobile__width-inherit elementor-widget elementor-widget-text-editor\" data-id=\"8bdb581\" data-element_type=\"widget\" data-widget_type=\"text-editor.default\">\n\t\t\t\t<div class=\"elementor-widget-container\">\n\t\t\t<style>\/*! elementor - v3.23.0 - 05-08-2024 *\/\n.elementor-widget-text-editor.elementor-drop-cap-view-stacked .elementor-drop-cap{background-color:#69727d;color:#fff}.elementor-widget-text-editor.elementor-drop-cap-view-framed .elementor-drop-cap{color:#69727d;border:3px solid;background-color:transparent}.elementor-widget-text-editor:not(.elementor-drop-cap-view-default) .elementor-drop-cap{margin-top:8px}.elementor-widget-text-editor:not(.elementor-drop-cap-view-default) .elementor-drop-cap-letter{width:1em;height:1em}.elementor-widget-text-editor .elementor-drop-cap{float:left;text-align:center;line-height:1;font-size:50px}.elementor-widget-text-editor .elementor-drop-cap-letter{display:inline-block}<\/style>\t\t\t\t<p>Gtech grundades 2001 och har g\u00e5tt fr\u00e5n styrka till styrka, med \u00f6ver 22 miljoner produkter s\u00e5lda i 19 l\u00e4nder runt om i v\u00e4rlden.<\/p>\n\t\t\t\t\t\t<\/div>\n\t\t\t\t<\/div>\n\t\t\t\t<div class=\"elementor-element elementor-element-057e1aa btn_w_icon elementor-widget elementor-widget-button\" data-id=\"057e1aa\" data-element_type=\"widget\" data-widget_type=\"button.default\">\n\t\t\t\t<div class=\"elementor-widget-container\">\n\t\t\t\t\t<div class=\"elementor-button-wrapper\">\n\t\t\t<a class=\"elementor-button elementor-button-link elementor-size-sm\" href=\"https:\/\/gtechstore.se\/\" target=\"_blank\">\n\t\t\t\t\t\t<span class=\"elementor-button-content-wrapper\">\n\t\t\t\t\t\t<span class=\"elementor-button-icon\">\n\t\t\t\t<svg xmlns=\"http:\/\/www.w3.org\/2000\/svg\" width=\"24\" height=\"24\" viewBox=\"0 0 24 24\" fill=\"none\"><g clip-path=\"url(#clip0_8_75)\"><path d=\"M23.725 11.3364C23.7248 11.3361 23.7245 11.3358 23.7242 11.3355L18.8256 6.4605C18.4586 6.09529 17.865 6.09665 17.4997 6.46368C17.1345 6.83067 17.1359 7.42425 17.5028 7.7895L20.7918 11.0625H0.9375C0.419719 11.0625 0 11.4822 0 12C0 12.5178 0.419719 12.9375 0.9375 12.9375H20.7917L17.5029 16.2105C17.1359 16.5757 17.1345 17.1693 17.4998 17.5363C17.865 17.9034 18.4587 17.9047 18.8256 17.5395L23.7242 12.6645C23.7245 12.6642 23.7248 12.6639 23.7251 12.6636C24.0923 12.2971 24.0911 11.7016 23.725 11.3364Z\" fill=\"#2E70FE\"><\/path><\/g><defs><clipPath id=\"clip0_8_75\"><rect width=\"24\" height=\"24\" fill=\"white\"><\/rect><\/clipPath><\/defs><\/svg>\t\t\t<\/span>\n\t\t\t\t\t\t\t\t\t<span class=\"elementor-button-text\">Bes\u00f6k gtechstore.se<\/span>\n\t\t\t\t\t<\/span>\n\t\t\t\t\t<\/a>\n\t\t<\/div>\n\t\t\t\t<\/div>\n\t\t\t\t<\/div>\n\t\t\t\t<\/div>\n\t\t\t\t<div class=\"elementor-element elementor-element-735eb7f elementor-widget__width-initial elementor-widget-mobile__width-inherit elementor-arrows-position-inside elementor-widget elementor-widget-image-carousel\" data-id=\"735eb7f\" data-element_type=\"widget\" data-settings=\"{&quot;slides_to_show&quot;:&quot;1&quot;,&quot;navigation&quot;:&quot;arrows&quot;,&quot;slides_to_show_mobile&quot;:&quot;1&quot;,&quot;autoplay&quot;:&quot;yes&quot;,&quot;pause_on_hover&quot;:&quot;yes&quot;,&quot;pause_on_interaction&quot;:&quot;yes&quot;,&quot;autoplay_speed&quot;:5000,&quot;infinite&quot;:&quot;yes&quot;,&quot;effect&quot;:&quot;slide&quot;,&quot;speed&quot;:500}\" data-widget_type=\"image-carousel.default\">\n\t\t\t\t<div class=\"elementor-widget-container\">\n\t\t\t<style>\/*! elementor - v3.23.0 - 05-08-2024 *\/\n.elementor-widget-image-carousel .swiper,.elementor-widget-image-carousel .swiper-container{position:static}.elementor-widget-image-carousel .swiper-container .swiper-slide figure,.elementor-widget-image-carousel .swiper .swiper-slide figure{line-height:inherit}.elementor-widget-image-carousel .swiper-slide{text-align:center}.elementor-image-carousel-wrapper:not(.swiper-container-initialized):not(.swiper-initialized) .swiper-slide{max-width:calc(100% \/ var(--e-image-carousel-slides-to-show, 3))}<\/style>\t\t<div class=\"elementor-image-carousel-wrapper swiper\" dir=\"ltr\">\n\t\t\t<div class=\"elementor-image-carousel swiper-wrapper\" aria-live=\"off\">\n\t\t\t\t\t\t\t\t<div class=\"swiper-slide\" role=\"group\" aria-roledescription=\"slide\" aria-label=\"1 av 12\"><figure class=\"swiper-slide-inner\"><img decoding=\"async\" class=\"swiper-slide-image\" src=\"https:\/\/albionnordic.com\/wp-content\/uploads\/2024\/08\/airram_2x_6.jpg\" alt=\"AirRAM MK2 Cordless Vacuum\" \/><figcaption class=\"elementor-image-carousel-caption\">AirRAM MK2 Cordless Vacuum<\/figcaption><\/figure><\/div><div class=\"swiper-slide\" role=\"group\" aria-roledescription=\"slide\" aria-label=\"2 av 12\"><figure class=\"swiper-slide-inner\"><img decoding=\"async\" class=\"swiper-slide-image\" src=\"https:\/\/albionnordic.com\/wp-content\/uploads\/2024\/08\/airram-k9_2x.jpg\" alt=\"AirRAM MK2 K9 Cordless Pet Vacuum\" \/><figcaption class=\"elementor-image-carousel-caption\">AirRAM MK2 K9 Cordless Pet Vacuum<\/figcaption><\/figure><\/div><div class=\"swiper-slide\" role=\"group\" aria-roledescription=\"slide\" aria-label=\"3 av 12\"><figure class=\"swiper-slide-inner\"><img decoding=\"async\" class=\"swiper-slide-image\" src=\"https:\/\/albionnordic.com\/wp-content\/uploads\/2024\/08\/slm50_hero_full_3q_split_1500px_rgb.jpg\" alt=\"Small Cordless Lawn Mower SLM50\" \/><figcaption class=\"elementor-image-carousel-caption\">Small Cordless Lawn Mower SLM50<\/figcaption><\/figure><\/div><div class=\"swiper-slide\" role=\"group\" aria-roledescription=\"slide\" aria-label=\"4 av 12\"><figure class=\"swiper-slide-inner\"><img decoding=\"async\" class=\"swiper-slide-image\" src=\"https:\/\/albionnordic.com\/wp-content\/uploads\/2024\/08\/multi-platinum-hero1_1.jpg\" alt=\"Multi Platinum Cordless Handheld Vacuum\" \/><figcaption class=\"elementor-image-carousel-caption\">Multi Platinum Cordless Handheld Vacuum<\/figcaption><\/figure><\/div><div class=\"swiper-slide\" role=\"group\" aria-roledescription=\"slide\" aria-label=\"5 av 12\"><figure class=\"swiper-slide-inner\"><img decoding=\"async\" class=\"swiper-slide-image\" src=\"https:\/\/albionnordic.com\/wp-content\/uploads\/2024\/08\/ht50-thumbnail4_2x-1.jpg\" alt=\"Long Reach Hedge Trimmer HT50\" \/><figcaption class=\"elementor-image-carousel-caption\">Long Reach Hedge Trimmer HT50<\/figcaption><\/figure><\/div><div class=\"swiper-slide\" role=\"group\" aria-roledescription=\"slide\" aria-label=\"6 av 12\"><figure class=\"swiper-slide-inner\"><img decoding=\"async\" class=\"swiper-slide-image\" src=\"https:\/\/albionnordic.com\/wp-content\/uploads\/2024\/08\/gt50_2x.jpg\" alt=\"Grass Edge Trimmer GT50\" \/><figcaption class=\"elementor-image-carousel-caption\">Grass Edge Trimmer GT50<\/figcaption><\/figure><\/div><div class=\"swiper-slide\" role=\"group\" aria-roledescription=\"slide\" aria-label=\"7 av 12\"><figure class=\"swiper-slide-inner\"><img decoding=\"async\" class=\"swiper-slide-image\" src=\"https:\/\/albionnordic.com\/wp-content\/uploads\/2024\/08\/ar-platinum-hero1_1_3.jpg\" alt=\"AirRAM Platinum Anti Hair Wrap Cordless Vacuum\" \/><figcaption class=\"elementor-image-carousel-caption\">AirRAM Platinum Anti Hair Wrap Cordless Vacuum<\/figcaption><\/figure><\/div><div class=\"swiper-slide\" role=\"group\" aria-roledescription=\"slide\" aria-label=\"8 av 12\"><figure class=\"swiper-slide-inner\"><img decoding=\"async\" class=\"swiper-slide-image\" src=\"https:\/\/albionnordic.com\/wp-content\/uploads\/2024\/08\/airfox-platinum-hero1.jpg\" alt=\"AirFOX Platinum Cordless Stick Vacuum\" \/><figcaption class=\"elementor-image-carousel-caption\">AirFOX Platinum Cordless Stick Vacuum<\/figcaption><\/figure><\/div><div class=\"swiper-slide\" role=\"group\" aria-roledescription=\"slide\" aria-label=\"9 av 12\"><figure class=\"swiper-slide-inner\"><img decoding=\"async\" class=\"swiper-slide-image\" src=\"https:\/\/albionnordic.com\/wp-content\/uploads\/2024\/08\/lht50-hero1.jpg\" alt=\"Lightweight Hedge Trimmer LHT50\" \/><figcaption class=\"elementor-image-carousel-caption\">Lightweight Hedge Trimmer LHT50<\/figcaption><\/figure><\/div><div class=\"swiper-slide\" role=\"group\" aria-roledescription=\"slide\" aria-label=\"10 av 12\"><figure class=\"swiper-slide-inner\"><img decoding=\"async\" class=\"swiper-slide-image\" src=\"https:\/\/albionnordic.com\/wp-content\/uploads\/2024\/08\/multi_2x_3_1.jpg\" alt=\"Multi MK2 Cordless Handheld Vacuum\" \/><figcaption class=\"elementor-image-carousel-caption\">Multi MK2 Cordless Handheld Vacuum<\/figcaption><\/figure><\/div><div class=\"swiper-slide\" role=\"group\" aria-roledescription=\"slide\" aria-label=\"11 av 12\"><figure class=\"swiper-slide-inner\"><img decoding=\"async\" class=\"swiper-slide-image\" src=\"https:\/\/albionnordic.com\/wp-content\/uploads\/2024\/08\/multi-k9_2x_2.jpg\" alt=\"Multi MK2 K9 Cordless Handheld Pet Vacuum\" \/><figcaption class=\"elementor-image-carousel-caption\">Multi MK2 K9 Cordless Handheld Pet Vacuum<\/figcaption><\/figure><\/div><div class=\"swiper-slide\" role=\"group\" aria-roledescription=\"slide\" aria-label=\"12 av 12\"><figure class=\"swiper-slide-inner\"><img decoding=\"async\" class=\"swiper-slide-image\" src=\"https:\/\/albionnordic.com\/wp-content\/uploads\/2024\/08\/clm50-thumbnail2_2x.jpg\" alt=\"Lawnmower CLM50\" \/><figcaption class=\"elementor-image-carousel-caption\">Lawnmower CLM50<\/figcaption><\/figure><\/div>\t\t\t<\/div>\n\t\t\t\t\t\t\t\t\t\t\t\t<div class=\"elementor-swiper-button elementor-swiper-button-prev\" role=\"button\" tabindex=\"0\">\n\t\t\t\t\t\t<i aria-hidden=\"true\" class=\"eicon-chevron-left\"><\/i>\t\t\t\t\t<\/div>\n\t\t\t\t\t<div class=\"elementor-swiper-button elementor-swiper-button-next\" role=\"button\" tabindex=\"0\">\n\t\t\t\t\t\t<i aria-hidden=\"true\" class=\"eicon-chevron-right\"><\/i>\t\t\t\t\t<\/div>\n\t\t\t\t\n\t\t\t\t\t\t\t\t\t<\/div>\n\t\t\t\t<\/div>\n\t\t\t\t<\/div>\n\t\t\t\t\t<\/div>\n\t\t\t\t<\/div>\n\t\t\t\t\t<\/div>\n\t\t\t\t<\/div>\n\t\t<div class=\"elementor-element elementor-element-f08cd39 animated-fast e-con-full e-flex elementor-invisible e-con e-parent\" data-id=\"f08cd39\" data-element_type=\"container\" data-settings=\"{&quot;background_background&quot;:&quot;classic&quot;,&quot;animation&quot;:&quot;fadeIn&quot;}\">\n\t\t\t\t<div class=\"elementor-element elementor-element-a0bfae3 elementor-widget elementor-widget-heading\" data-id=\"a0bfae3\" data-element_type=\"widget\" data-widget_type=\"heading.default\">\n\t\t\t\t<div class=\"elementor-widget-container\">\n\t\t\t<h3 class=\"elementor-heading-title elementor-size-default\">Intresserad av att s\u00e4lja Gtech-produkter?<\/h3>\t\t<\/div>\n\t\t\t\t<\/div>\n\t\t\t\t<div class=\"elementor-element elementor-element-b7f55dc elementor-widget elementor-widget-text-editor\" data-id=\"b7f55dc\" data-element_type=\"widget\" data-widget_type=\"text-editor.default\">\n\t\t\t\t<div class=\"elementor-widget-container\">\n\t\t\t\t\t\t\t<p>Om du \u00e4r intresserad av att bli \u00e5terf\u00f6rs\u00e4ljare f\u00f6r Gtech, tveka inte att kontakta oss.<\/p>\n<p><strong>Vi \u00e4r tillg\u00e4ngliga fr\u00e5n 8-17 CET, m\u00e5n-fre<\/strong><\/p>\n\t\t\t\t\t\t<\/div>\n\t\t\t\t<\/div>\n\t\t\t\t<div class=\"elementor-element elementor-element-e1763fe btn_w_icon elementor-widget elementor-widget-button\" data-id=\"e1763fe\" data-element_type=\"widget\" data-widget_type=\"button.default\">\n\t\t\t\t<div class=\"elementor-widget-container\">\n\t\t\t\t\t<div class=\"elementor-button-wrapper\">\n\t\t\t<a class=\"elementor-button elementor-button-link elementor-size-sm\" href=\"https:\/\/albionnordic.com\/sv\/kontakta-oss\/\">\n\t\t\t\t\t\t<span class=\"elementor-button-content-wrapper\">\n\t\t\t\t\t\t<span class=\"elementor-button-icon\">\n\t\t\t\t<svg xmlns=\"http:\/\/www.w3.org\/2000\/svg\" width=\"24\" height=\"24\" viewBox=\"0 0 24 24\" fill=\"none\"><g clip-path=\"url(#clip0_8_75)\"><path d=\"M23.725 11.3364C23.7248 11.3361 23.7245 11.3358 23.7242 11.3355L18.8256 6.4605C18.4586 6.09529 17.865 6.09665 17.4997 6.46368C17.1345 6.83067 17.1359 7.42425 17.5028 7.7895L20.7918 11.0625H0.9375C0.419719 11.0625 0 11.4822 0 12C0 12.5178 0.419719 12.9375 0.9375 12.9375H20.7917L17.5029 16.2105C17.1359 16.5757 17.1345 17.1693 17.4998 17.5363C17.865 17.9034 18.4587 17.9047 18.8256 17.5395L23.7242 12.6645C23.7245 12.6642 23.7248 12.6639 23.7251 12.6636C24.0923 12.2971 24.0911 11.7016 23.725 11.3364Z\" fill=\"#2E70FE\"><\/path><\/g><defs><clipPath id=\"clip0_8_75\"><rect width=\"24\" height=\"24\" fill=\"white\"><\/rect><\/clipPath><\/defs><\/svg>\t\t\t<\/span>\n\t\t\t\t\t\t\t\t\t<span class=\"elementor-button-text\">Kontakta oss<\/span>\n\t\t\t\t\t<\/span>\n\t\t\t\t\t<\/a>\n\t\t<\/div>\n\t\t\t\t<\/div>\n\t\t\t\t<\/div>\n\t\t\t\t<\/div>\n\t\t\t\t<\/div>\n\t\t","protected":false},"excerpt":{"rendered":"<p>Gtech Gtech grundades 2001 och har g\u00e5tt fr\u00e5n styrka till styrka, med \u00f6ver 22 miljoner produkter s\u00e5lda i 19 l\u00e4nder runt om i v\u00e4rlden. Bes\u00f6k gtechstore.se AirRAM MK2 Cordless Vacuum AirRAM MK2 K9 Cordless Pet Vacuum Small Cordless Lawn Mower SLM50 Multi Platinum Cordless Handheld Vacuum Long Reach Hedge Trimmer HT50 Grass Edge Trimmer GT50 [&hellip;]<\/p>\n","protected":false},"author":1,"featured_media":0,"parent":4439,"menu_order":2,"comment_status":"closed","ping_status":"closed","template":"","meta":{"_acf_changed":false,"footnotes":""},"class_list":["post-6255","page","type-page","status-publish","hentry"],"acf":[],"yoast_head":"<!-- This site is optimized with the Yoast SEO plugin v23.3 - https:\/\/yoast.com\/wordpress\/plugins\/seo\/ -->\n<title>Gtech - Albion Nordic<\/title>\n<meta name=\"robots\" content=\"index, follow, max-snippet:-1, max-image-preview:large, max-video-preview:-1\" \/>\n<link rel=\"canonical\" href=\"https:\/\/albionnordic.com\/our-brands\/gtech\/\" \/>\n<meta property=\"og:locale\" content=\"sv_SE\" \/>\n<meta property=\"og:type\" content=\"article\" \/>\n<meta property=\"og:title\" content=\"Gtech - Albion Nordic\" \/>\n<meta property=\"og:description\" content=\"Gtech Gtech grundades 2001 och har g\u00e5tt fr\u00e5n styrka till styrka, med \u00f6ver 22 miljoner produkter s\u00e5lda i 19 l\u00e4nder runt om i v\u00e4rlden. Bes\u00f6k gtechstore.se AirRAM MK2 Cordless Vacuum AirRAM MK2 K9 Cordless Pet Vacuum Small Cordless Lawn Mower SLM50 Multi Platinum Cordless Handheld Vacuum Long Reach Hedge Trimmer HT50 Grass Edge Trimmer GT50 [&hellip;]\" \/>\n<meta property=\"og:url\" content=\"https:\/\/albionnordic.com\/our-brands\/gtech\/\" \/>\n<meta property=\"og:site_name\" content=\"Albion Nordic\" \/>\n<meta property=\"article:modified_time\" content=\"2024-08-28T16:45:33+00:00\" \/>\n<meta property=\"og:image\" content=\"https:\/\/albionnordic.com\/wp-content\/uploads\/2024\/08\/gtech-logo.svg\" \/>\n<meta name=\"twitter:card\" content=\"summary_large_image\" \/>\n<meta name=\"twitter:label1\" content=\"Ber\u00e4knad l\u00e4stid\" \/>\n\t<meta name=\"twitter:data1\" content=\"1 minut\" \/>\n<script type=\"application\/ld+json\" class=\"yoast-schema-graph\">{\"@context\":\"https:\/\/schema.org\",\"@graph\":[{\"@type\":\"WebPage\",\"@id\":\"https:\/\/albionnordic.com\/our-brands\/gtech\/\",\"url\":\"https:\/\/albionnordic.com\/our-brands\/gtech\/\",\"name\":\"Gtech - Albion Nordic\",\"isPartOf\":{\"@id\":\"https:\/\/albionnordic.com\/#website\"},\"primaryImageOfPage\":{\"@id\":\"https:\/\/albionnordic.com\/our-brands\/gtech\/#primaryimage\"},\"image\":{\"@id\":\"https:\/\/albionnordic.com\/our-brands\/gtech\/#primaryimage\"},\"thumbnailUrl\":\"https:\/\/albionnordic.com\/wp-content\/uploads\/2024\/08\/gtech-logo.svg\",\"datePublished\":\"2024-08-28T16:43:06+00:00\",\"dateModified\":\"2024-08-28T16:45:33+00:00\",\"breadcrumb\":{\"@id\":\"https:\/\/albionnordic.com\/our-brands\/gtech\/#breadcrumb\"},\"inLanguage\":\"sv-SE\",\"potentialAction\":[{\"@type\":\"ReadAction\",\"target\":[\"https:\/\/albionnordic.com\/our-brands\/gtech\/\"]}]},{\"@type\":\"ImageObject\",\"inLanguage\":\"sv-SE\",\"@id\":\"https:\/\/albionnordic.com\/our-brands\/gtech\/#primaryimage\",\"url\":\"https:\/\/albionnordic.com\/wp-content\/uploads\/2024\/08\/gtech-logo.svg\",\"contentUrl\":\"https:\/\/albionnordic.com\/wp-content\/uploads\/2024\/08\/gtech-logo.svg\"},{\"@type\":\"BreadcrumbList\",\"@id\":\"https:\/\/albionnordic.com\/our-brands\/gtech\/#breadcrumb\",\"itemListElement\":[{\"@type\":\"ListItem\",\"position\":1,\"name\":\"Home\",\"item\":\"https:\/\/albionnordic.com\/\"},{\"@type\":\"ListItem\",\"position\":2,\"name\":\"V\u00e5ra Varum\u00e4rken\",\"item\":\"https:\/\/albionnordic.com\/our-brands\/\"},{\"@type\":\"ListItem\",\"position\":3,\"name\":\"Gtech\"}]},{\"@type\":\"WebSite\",\"@id\":\"https:\/\/albionnordic.com\/#website\",\"url\":\"https:\/\/albionnordic.com\/\",\"name\":\"Albion Nordic\",\"description\":\"\",\"potentialAction\":[{\"@type\":\"SearchAction\",\"target\":{\"@type\":\"EntryPoint\",\"urlTemplate\":\"https:\/\/albionnordic.com\/?s={search_term_string}\"},\"query-input\":\"required name=search_term_string\"}],\"inLanguage\":\"sv-SE\"}]}<\/script>\n<!-- \/ Yoast SEO plugin. -->","yoast_head_json":{"title":"Gtech - Albion Nordic","robots":{"index":"index","follow":"follow","max-snippet":"max-snippet:-1","max-image-preview":"max-image-preview:large","max-video-preview":"max-video-preview:-1"},"canonical":"https:\/\/albionnordic.com\/our-brands\/gtech\/","og_locale":"sv_SE","og_type":"article","og_title":"Gtech - Albion Nordic","og_description":"Gtech Gtech grundades 2001 och har g\u00e5tt fr\u00e5n styrka till styrka, med \u00f6ver 22 miljoner produkter s\u00e5lda i 19 l\u00e4nder runt om i v\u00e4rlden. Bes\u00f6k gtechstore.se AirRAM MK2 Cordless Vacuum AirRAM MK2 K9 Cordless Pet Vacuum Small Cordless Lawn Mower SLM50 Multi Platinum Cordless Handheld Vacuum Long Reach Hedge Trimmer HT50 Grass Edge Trimmer GT50 [&hellip;]","og_url":"https:\/\/albionnordic.com\/our-brands\/gtech\/","og_site_name":"Albion Nordic","article_modified_time":"2024-08-28T16:45:33+00:00","og_image":[{"url":"https:\/\/albionnordic.com\/wp-content\/uploads\/2024\/08\/gtech-logo.svg"}],"twitter_card":"summary_large_image","twitter_misc":{"Ber\u00e4knad l\u00e4stid":"1 minut"},"schema":{"@context":"https:\/\/schema.org","@graph":[{"@type":"WebPage","@id":"https:\/\/albionnordic.com\/our-brands\/gtech\/","url":"https:\/\/albionnordic.com\/our-brands\/gtech\/","name":"Gtech - Albion Nordic","isPartOf":{"@id":"https:\/\/albionnordic.com\/#website"},"primaryImageOfPage":{"@id":"https:\/\/albionnordic.com\/our-brands\/gtech\/#primaryimage"},"image":{"@id":"https:\/\/albionnordic.com\/our-brands\/gtech\/#primaryimage"},"thumbnailUrl":"https:\/\/albionnordic.com\/wp-content\/uploads\/2024\/08\/gtech-logo.svg","datePublished":"2024-08-28T16:43:06+00:00","dateModified":"2024-08-28T16:45:33+00:00","breadcrumb":{"@id":"https:\/\/albionnordic.com\/our-brands\/gtech\/#breadcrumb"},"inLanguage":"sv-SE","potentialAction":[{"@type":"ReadAction","target":["https:\/\/albionnordic.com\/our-brands\/gtech\/"]}]},{"@type":"ImageObject","inLanguage":"sv-SE","@id":"https:\/\/albionnordic.com\/our-brands\/gtech\/#primaryimage","url":"https:\/\/albionnordic.com\/wp-content\/uploads\/2024\/08\/gtech-logo.svg","contentUrl":"https:\/\/albionnordic.com\/wp-content\/uploads\/2024\/08\/gtech-logo.svg"},{"@type":"BreadcrumbList","@id":"https:\/\/albionnordic.com\/our-brands\/gtech\/#breadcrumb","itemListElement":[{"@type":"ListItem","position":1,"name":"Home","item":"https:\/\/albionnordic.com\/"},{"@type":"ListItem","position":2,"name":"V\u00e5ra Varum\u00e4rken","item":"https:\/\/albionnordic.com\/our-brands\/"},{"@type":"ListItem","position":3,"name":"Gtech"}]},{"@type":"WebSite","@id":"https:\/\/albionnordic.com\/#website","url":"https:\/\/albionnordic.com\/","name":"Albion Nordic","description":"","potentialAction":[{"@type":"SearchAction","target":{"@type":"EntryPoint","urlTemplate":"https:\/\/albionnordic.com\/?s={search_term_string}"},"query-input":"required name=search_term_string"}],"inLanguage":"sv-SE"}]}},"_links":{"self":[{"href":"https:\/\/albionnordic.com\/sv\/wp-json\/wp\/v2\/pages\/6255","targetHints":{"allow":["GET"]}}],"collection":[{"href":"https:\/\/albionnordic.com\/sv\/wp-json\/wp\/v2\/pages"}],"about":[{"href":"https:\/\/albionnordic.com\/sv\/wp-json\/wp\/v2\/types\/page"}],"author":[{"embeddable":true,"href":"https:\/\/albionnordic.com\/sv\/wp-json\/wp\/v2\/users\/1"}],"replies":[{"embeddable":true,"href":"https:\/\/albionnordic.com\/sv\/wp-json\/wp\/v2\/comments?post=6255"}],"version-history":[{"count":3,"href":"https:\/\/albionnordic.com\/sv\/wp-json\/wp\/v2\/pages\/6255\/revisions"}],"predecessor-version":[{"id":6258,"href":"https:\/\/albionnordic.com\/sv\/wp-json\/wp\/v2\/pages\/6255\/revisions\/6258"}],"up":[{"embeddable":true,"href":"https:\/\/albionnordic.com\/sv\/wp-json\/wp\/v2\/pages\/4439"}],"wp:attachment":[{"href":"https:\/\/albionnordic.com\/sv\/wp-json\/wp\/v2\/media?parent=6255"}],"curies":[{"name":"wp","href":"https:\/\/api.w.org\/{rel}","templated":true}]}}